{"id":23,"date":"2020-03-06T23:03:11","date_gmt":"2020-03-06T23:03:11","guid":{"rendered":"http:\/\/nas\/pub\/?page_id=23"},"modified":"2020-10-09T22:16:14","modified_gmt":"2020-10-09T20:16:14","slug":"pub-home","status":"publish","type":"page","link":"https:\/\/robertspub.nl\/","title":{"rendered":"Robert&#8217;s Pub"},"content":{"rendered":"\n<figure class=\"wp-block-image alignwide size-large\"><img loading=\"lazy\" width=\"851\" height=\"315\" src=\"http:\/\/robertspub.tk\/wp-content\/uploads\/2020\/07\/Foto1.jpg\" alt=\"\" class=\"wp-image-331\" srcset=\"https:\/\/robertspub.nl\/wp-content\/uploads\/2020\/07\/Foto1.jpg 851w, https:\/\/robertspub.nl\/wp-content\/uploads\/2020\/07\/Foto1-300x111.jpg 300w, https:\/\/robertspub.nl\/wp-content\/uploads\/2020\/07\/Foto1-768x284.jpg 768w\" sizes=\"(max-width: 851px) 100vw, 851px\" \/><\/figure>\n\n\n\n<p>22 speciaalbieren op tap, 250 verschillende bieren op fles (met originele glazen), twee keer uitgeroepen tot gezelligste terras van de regio, een terras dat ook nog eens altijd open is, altijd live sportuitzendingen. En zo is er nog veel meer. Robert\u2019s pub is niet voor niets een begrip in Veenendaal.<br><br>Iedereen is welkom bij ons. Maar natuurlijk volgen ook wij de RIVM richtlijnen. Dus heb je Corona klachten? Dan is het verstandig dat je geen bezoek aan de pub brengt. Ook wij houden de 1,5 meter afstand aan. Kom je met z\u2019n vieren of minder? Dan hoef je bij ons niet te reserveren en natuurlijk mag je blijven zolang je wilt. Kom je met 5 personen of meer? Dan is het handig om te reserveren om er zeker dat er plaats is.<br><br>Iedere dag is de pub geopend. En zoals gasten gewend zijn, is een kopje koffie een echt feestje. En vanaf september kan je iedere woensdagavond meedoen aan de pubquiz. Naast dat alles is Robert\u2019s Pub ook een zeer geschikte plek voor een bedrijfsborrel.<br><br>Kom eens gezellig iets bij ons drinken. Dan zult u het allemaal zelf ervaren.<\/p>\n\n\n\n<figure class=\"wp-block-image alignwide size-large\"><img loading=\"lazy\" width=\"1024\" height=\"640\" src=\"http:\/\/robertspub.tk\/wp-content\/uploads\/2020\/06\/Foto5-1024x640.jpg\" alt=\"\" class=\"wp-image-304\" srcset=\"https:\/\/robertspub.nl\/wp-content\/uploads\/2020\/06\/Foto5-1024x640.jpg 1024w, https:\/\/robertspub.nl\/wp-content\/uploads\/2020\/06\/Foto5-300x188.jpg 300w, https:\/\/robertspub.nl\/wp-content\/uploads\/2020\/06\/Foto5-768x480.jpg 768w, https:\/\/robertspub.nl\/wp-content\/uploads\/2020\/06\/Foto5-1536x960.jpg 1536w, https:\/\/robertspub.nl\/wp-content\/uploads\/2020\/06\/Foto5-1200x750.jpg 1200w, https:\/\/robertspub.nl\/wp-content\/uploads\/2020\/06\/Foto5-1980x1238.jpg 1980w, https:\/\/robertspub.nl\/wp-content\/uploads\/2020\/06\/Foto5.jpg 2016w\" sizes=\"(max-width: 1024px) 100vw, 1024px\" \/><\/figure>\n\n\n\n<h2 id=\"Agenda\">Agenda<\/h2>\n\n\n\n<h3>Live music<\/h3>\n\n\n\n<p>Elke derde zondag van de maand zijn er Easy Sunday&nbsp;live sessions met diverse muzikanten uit binnen- en buitenland, van 15:00 tot 19:00 uur.<\/p>\n\n\n\n<h3><strong>Quiz night<\/strong><\/h3>\n\n\n\n<p>Vanaf september iedere woensdagavond om 20:00 uur.<\/p>\n\n\n\n<h3>Thema festivals<\/h3>\n\n\n\n<p>Uiteraard organiseren we ook diverse thema festivals door het jaar heen waarvan het bokbierfestival de bekendste is.<\/p>\n\n\n\n<figure class=\"wp-block-image alignwide size-large\"><img loading=\"lazy\" width=\"1024\" height=\"640\" src=\"http:\/\/robertspub.tk\/wp-content\/uploads\/2020\/06\/Foto2B-1024x640.jpg\" alt=\"\" class=\"wp-image-296\" srcset=\"https:\/\/robertspub.nl\/wp-content\/uploads\/2020\/06\/Foto2B-1024x640.jpg 1024w, https:\/\/robertspub.nl\/wp-content\/uploads\/2020\/06\/Foto2B-300x188.jpg 300w, https:\/\/robertspub.nl\/wp-content\/uploads\/2020\/06\/Foto2B-768x480.jpg 768w, https:\/\/robertspub.nl\/wp-content\/uploads\/2020\/06\/Foto2B-1536x960.jpg 1536w, https:\/\/robertspub.nl\/wp-content\/uploads\/2020\/06\/Foto2B-1200x750.jpg 1200w, https:\/\/robertspub.nl\/wp-content\/uploads\/2020\/06\/Foto2B-1980x1238.jpg 1980w, https:\/\/robertspub.nl\/wp-content\/uploads\/2020\/06\/Foto2B.jpg 2016w\" sizes=\"(max-width: 1024px) 100vw, 1024px\" \/><\/figure>\n\n\n\n<h2 id=\"Specials\">Specials<\/h2>\n\n\n\n<p>Een Pub is geen Pub zonder speciaalbieren en whisky\u2019s. Onze specials:<\/p>\n\n\n\n<h3>Speciaalbieren<\/h3>\n\n\n\n<figure class=\"wp-block-image alignwide size-large\"><img loading=\"lazy\" width=\"1024\" height=\"640\" src=\"http:\/\/robertspub.tk\/wp-content\/uploads\/2020\/06\/Foto3-1024x640.jpg\" alt=\"\" class=\"wp-image-297\" srcset=\"https:\/\/robertspub.nl\/wp-content\/uploads\/2020\/06\/Foto3-1024x640.jpg 1024w, https:\/\/robertspub.nl\/wp-content\/uploads\/2020\/06\/Foto3-300x188.jpg 300w, https:\/\/robertspub.nl\/wp-content\/uploads\/2020\/06\/Foto3-768x480.jpg 768w, https:\/\/robertspub.nl\/wp-content\/uploads\/2020\/06\/Foto3-1536x960.jpg 1536w, https:\/\/robertspub.nl\/wp-content\/uploads\/2020\/06\/Foto3-1200x750.jpg 1200w, https:\/\/robertspub.nl\/wp-content\/uploads\/2020\/06\/Foto3.jpg 1920w\" sizes=\"(max-width: 1024px) 100vw, 1024px\" \/><\/figure>\n\n\n\n<p>Robert\u2019s Pub heeft een zeer diverse bierkaart en is ook ambassadeur van meerdere bierbrouwerijen.<\/p>\n\n\n\n<p>Klein idee van onze bieren:<\/p>\n\n\n\n<ul><li>Paix Dieu, een prachtige tripel van 10% die alleen met volle maan wordt gebrouwen (ambassadeur).<\/li><li>Duvel&#8230; Maar dan wel op tap, uniek verkrijgbaar.<\/li><li>Gulden Draak in allerlei smaken (ambassadeur).<\/li><li>Brouwerij de School uit Amsterdam&#8230; fantastische bieren, mooie namen zoals strafwerk, juffie, zittenblijver, enz.<\/li><li>Pilsner Urquell- het eerste Pils ter wereld.<\/li><li>Guinness getapt uit een unieke harp.<\/li><li>Pauwel Kwak getapt uit een prachtige koperen koetsierstapkraan ( slechts 3 van in Nederland).<\/li><li>Uiteraard diverse bieren van nederlandse brouwerijen zoals Bird Amsterdam, Vd Streek Utrecht, Jopen Haarlem, Texel, Brouwerij \u2019t IJ Amsterdam, Oedipus, het uiltje.<\/li><li>5 pilsen van tap Grolsch, Grolsch IJskoel, Kornuit, Peroni, Urquell.<\/li><li>Robert\u2019s Blond volgens eigen recept gebrouwen.<\/li><li>Streekbier uit Veenendaal en uit Putten.<\/li><li>En natuurlijk ook diverse onbekendere kleine belgische bieren zoals Arend, Waterloo, Pimpelmeesch, enz.<\/li><\/ul>\n\n\n\n<p>Uiteraard hebben we nog veel meer!<\/p>\n\n\n\n<p>Kom gauw proeven!<\/p>\n\n\n\n<figure class=\"wp-block-image alignwide size-large\"><img loading=\"lazy\" width=\"1024\" height=\"640\" src=\"http:\/\/robertspub.tk\/wp-content\/uploads\/2020\/06\/Foto4-1024x640.jpg\" alt=\"\" class=\"wp-image-306\" srcset=\"https:\/\/robertspub.nl\/wp-content\/uploads\/2020\/06\/Foto4-1024x640.jpg 1024w, https:\/\/robertspub.nl\/wp-content\/uploads\/2020\/06\/Foto4-300x188.jpg 300w, https:\/\/robertspub.nl\/wp-content\/uploads\/2020\/06\/Foto4-768x480.jpg 768w, https:\/\/robertspub.nl\/wp-content\/uploads\/2020\/06\/Foto4-1536x960.jpg 1536w, https:\/\/robertspub.nl\/wp-content\/uploads\/2020\/06\/Foto4-1200x750.jpg 1200w, https:\/\/robertspub.nl\/wp-content\/uploads\/2020\/06\/Foto4-1980x1238.jpg 1980w, https:\/\/robertspub.nl\/wp-content\/uploads\/2020\/06\/Foto4.jpg 2016w\" sizes=\"(max-width: 1024px) 100vw, 1024px\" \/><\/figure>\n\n\n\n<h3>Whisky\u2019s<\/h3>\n\n\n\n<figure class=\"wp-block-image alignwide size-large\"><img loading=\"lazy\" width=\"640\" height=\"465\" src=\"http:\/\/robertspub.tk\/wp-content\/uploads\/2020\/05\/Foto-3-e1591461411585.jpg\" alt=\"\" class=\"wp-image-181\" srcset=\"https:\/\/robertspub.nl\/wp-content\/uploads\/2020\/05\/Foto-3-e1591461411585.jpg 640w, https:\/\/robertspub.nl\/wp-content\/uploads\/2020\/05\/Foto-3-e1591461411585-300x218.jpg 300w\" sizes=\"(max-width: 640px) 100vw, 640px\" \/><\/figure>\n\n\n\n<p>\u2018Schotland wordt bij uitstek als het land van de whisky bestempeld. Al sinds het eind van de 15de eeuw wordt er in de Schotse Hooglanden whisky gestookt. Is men echter toevallig in gezelschap van een Ier en laat men het woord &#8220;whisky&#8221; vallen, dan zal hij &#8211; tien tegen \u00e9\u00e9n &#8211; met trots vertellen, dat whisky van oorsprong een Ierse drank is en g\u00e9\u00e9n Schotse.<\/p>\n\n\n\n<p>De Schotse whisky dankt zijn bijzondere karakter aan de kwaliteit van het gebruikte water uit de bergbeekjes, de gerst en bij het eesten-proces van het drogen en roosteren-gebruikte turf, die aan de Schotse whisky zijn typische rooksmaak geeft\u2019.<\/p>\n\n\n\n<p>Ons assortiment bestaat natuurlijk niet alleen uit Schotse whisky\u2019s. Een greep uit onze collectie whisky\u2019s: Paddy&#8217;s, Kilbeggan, Oban, Talisker, Glenkinchie, Dalwhinnie, Lagavullin en Balviny.<\/p>\n\n\n\n<figure class=\"wp-block-image alignwide size-large\"><img loading=\"lazy\" width=\"1024\" height=\"640\" src=\"http:\/\/robertspub.tk\/wp-content\/uploads\/2020\/06\/Foto9-1024x640.jpg\" alt=\"\" class=\"wp-image-310\" srcset=\"https:\/\/robertspub.nl\/wp-content\/uploads\/2020\/06\/Foto9-1024x640.jpg 1024w, https:\/\/robertspub.nl\/wp-content\/uploads\/2020\/06\/Foto9-300x188.jpg 300w, https:\/\/robertspub.nl\/wp-content\/uploads\/2020\/06\/Foto9-768x480.jpg 768w, https:\/\/robertspub.nl\/wp-content\/uploads\/2020\/06\/Foto9-1536x960.jpg 1536w, https:\/\/robertspub.nl\/wp-content\/uploads\/2020\/06\/Foto9-1200x750.jpg 1200w, https:\/\/robertspub.nl\/wp-content\/uploads\/2020\/06\/Foto9.jpg 1920w\" sizes=\"(max-width: 1024px) 100vw, 1024px\" \/><\/figure>\n\n\n\n<h2 id=\"Openingstijden\">Openingstijden<\/h2>\n\n\n\n<figure class=\"wp-block-table is-style-stripes\"><table class=\"has-fixed-layout\"><thead><tr><th>Dag<\/th><th>Tijd<\/th><\/tr><\/thead><tbody><tr><td>Maandag<\/td><td>Vanaf 14:00 uur<\/td><\/tr><tr><td>Dinsdag<\/td><td>Vanaf 14:00 uur<\/td><\/tr><tr><td>Woensdag<\/td><td>Vanaf 14:00 uur<\/td><\/tr><tr><td>Donderdag<\/td><td>Vanaf 14:00 uur<\/td><\/tr><tr><td>Vrijdag<\/td><td>Vanaf 14:00 uur<\/td><\/tr><tr><td>Zaterdag<\/td><td>Vanaf 13:00 uur<\/td><\/tr><tr><td>Zondag<\/td><td>Vanaf 14:00 uur<\/td><\/tr><\/tbody><\/table><\/figure>\n\n\n\n<h2 id=\"Vacatures\">Vacatures<\/h2>\n\n\n\n<p>Wij zijn op zoek naar:<\/p>\n\n\n\n<h3>een fulltime collega<\/h3>\n\n\n\n<p>De werkuren liggen tussen de 24 en 38 uur. Een opleiding en enige ervaring in de horeca is een pr\u00e9.<\/p>\n\n\n\n<p>Ben jij ook op zoek naar een gezellige werkomgeving, prettige collega\u2019s en een ontspannen sfeer om in te werken?<\/p>\n\n\n\n<p>Stuur dan z.s.m. je sollicatiebrief met CV naar info[at]robertspub[punt]nl\u00a0of naar Robert\u2019s Pub, t.a.v. Robert\u00a0Nagel, J.G. Sandbrinkstraat 1a, 3901 EW Veenendaal.<\/p>\n\n\n\n<h2 id=\"Contact\">Contact<\/h2>\n\n\n<div role=\"form\" class=\"wpcf7\" id=\"wpcf7-f128-o1\" lang=\"nl-NL\" dir=\"ltr\">\n<div class=\"screen-reader-response\" role=\"alert\" aria-live=\"polite\"><\/div>\n<form action=\"\/index.php?rest_route=%2Fwp%2Fv2%2Fpages%2F23#wpcf7-f128-o1\" method=\"post\" class=\"wpcf7-form init demo\" novalidate=\"novalidate\">\n<div style=\"display: none;\">\n<input type=\"hidden\" name=\"_wpcf7\" value=\"128\" \/>\n<input type=\"hidden\" name=\"_wpcf7_version\" value=\"5.2.2\" \/>\n<input type=\"hidden\" name=\"_wpcf7_locale\" value=\"nl_NL\" \/>\n<input type=\"hidden\" name=\"_wpcf7_unit_tag\" value=\"wpcf7-f128-o1\" \/>\n<input type=\"hidden\" name=\"_wpcf7_container_post\" value=\"0\" \/>\n<input type=\"hidden\" name=\"_wpcf7_posted_data_hash\" value=\"\" \/>\n<\/div>\n<p><label>Naam*:<\/label><span class=\"wpcf7-form-control-wrap your-name\"><input type=\"text\" name=\"your-name\" value=\"\" size=\"40\" class=\"wpcf7-form-control wpcf7-text wpcf7-validates-as-required\" aria-required=\"true\" aria-invalid=\"false\" \/><\/span><br \/>\n<label>Mailadres*:<\/label><span class=\"wpcf7-form-control-wrap your-email\"><input type=\"email\" name=\"your-email\" value=\"\" size=\"40\" class=\"wpcf7-form-control wpcf7-text wpcf7-email wpcf7-validates-as-required wpcf7-validates-as-email\" aria-required=\"true\" aria-invalid=\"false\" \/><\/span><br \/>\n<label>Bericht*:<\/label><span class=\"wpcf7-form-control-wrap your-message\"><textarea name=\"your-message\" cols=\"40\" rows=\"10\" class=\"wpcf7-form-control wpcf7-textarea wpcf7-validates-as-required\" aria-required=\"true\" aria-invalid=\"false\"><\/textarea><\/span><br \/>\n<input type=\"submit\" value=\"Verzenden\" class=\"wpcf7-form-control wpcf7-submit\" \/><\/p>\n<div class=\"wpcf7-response-output\" role=\"alert\" aria-hidden=\"true\"><\/div><\/form><\/div>\n\n\n\n<h2>Adresgegevens<\/h2>\n\n\n\n<p>J.G. Sandbrinkstraat 1a<br>3901 EW Veenendaal<\/p>\n\n\n\n<p>0318 &#8211; 50 88 66<\/p>\n\n\n\n<figure class=\"wp-block-image alignwide size-large\"><img loading=\"lazy\" width=\"1024\" height=\"768\" src=\"http:\/\/robertspub.tk\/wp-content\/uploads\/2020\/06\/foto8-1024x768.jpg\" alt=\"\" class=\"wp-image-309\" srcset=\"https:\/\/robertspub.nl\/wp-content\/uploads\/2020\/06\/foto8-1024x768.jpg 1024w, https:\/\/robertspub.nl\/wp-content\/uploads\/2020\/06\/foto8-300x225.jpg 300w, https:\/\/robertspub.nl\/wp-content\/uploads\/2020\/06\/foto8-768x576.jpg 768w, https:\/\/robertspub.nl\/wp-content\/uploads\/2020\/06\/foto8-1536x1152.jpg 1536w, https:\/\/robertspub.nl\/wp-content\/uploads\/2020\/06\/foto8-1200x900.jpg 1200w, https:\/\/robertspub.nl\/wp-content\/uploads\/2020\/06\/foto8.jpg 1920w\" sizes=\"(max-width: 1024px) 100vw, 1024px\" \/><\/figure>\n","protected":false},"excerpt":{"rendered":"<p>22 speciaalbieren op tap, 250 verschillende bieren op fles (met originele glazen), twee keer uitgeroepen tot gezelligste terras van de regio, een terras dat ook nog eens altijd open is, altijd live sportuitzendingen. En zo is er nog veel meer. Robert\u2019s pub is niet voor niets een begrip in Veenendaal. Iedereen is welkom bij ons. [&hellip;]<\/p>\n","protected":false},"author":1,"featured_media":0,"parent":0,"menu_order":0,"comment_status":"closed","ping_status":"closed","template":"","meta":[],"_links":{"self":[{"href":"https:\/\/robertspub.nl\/index.php?rest_route=\/wp\/v2\/pages\/23"}],"collection":[{"href":"https:\/\/robertspub.nl\/index.php?rest_route=\/wp\/v2\/pages"}],"about":[{"href":"https:\/\/robertspub.nl\/index.php?rest_route=\/wp\/v2\/types\/page"}],"author":[{"embeddable":true,"href":"https:\/\/robertspub.nl\/index.php?rest_route=\/wp\/v2\/users\/1"}],"replies":[{"embeddable":true,"href":"https:\/\/robertspub.nl\/index.php?rest_route=%2Fwp%2Fv2%2Fcomments&post=23"}],"version-history":[{"count":107,"href":"https:\/\/robertspub.nl\/index.php?rest_route=\/wp\/v2\/pages\/23\/revisions"}],"predecessor-version":[{"id":351,"href":"https:\/\/robertspub.nl\/index.php?rest_route=\/wp\/v2\/pages\/23\/revisions\/351"}],"wp:attachment":[{"href":"https:\/\/robertspub.nl\/index.php?rest_route=%2Fwp%2Fv2%2Fmedia&parent=23"}],"curies":[{"name":"wp","href":"https:\/\/api.w.org\/{rel}","templated":true}]}}